{"id":4889,"date":"2023-09-13T18:00:06","date_gmt":"2023-09-13T21:00:06","guid":{"rendered":"https:\/\/www.ucismexicanas.com\/?page_id=4889"},"modified":"2023-09-19T12:14:32","modified_gmt":"2023-09-19T15:14:32","slug":"commec","status":"publish","type":"page","link":"https:\/\/www.ucismexicanas.com\/pt-br\/commec\/","title":{"rendered":"COMMEC"},"content":{"rendered":"\t\t<div data-elementor-type=\"wp-page\" data-elementor-id=\"4889\" class=\"elementor elementor-4889 elementor-4887\">\n\t\t\t\t\t\t\t\t\t<section class=\"elementor-section elementor-top-section elementor-element elementor-element-7e3f490 elementor-section-boxed elementor-section-height-default elementor-section-height-default tf-sticky-section tf-sticky-no\" data-id=\"7e3f490\" data-element_type=\"section\" data-settings=\"{&quot;tf_sticky&quot;:&quot;no&quot;}\">\n\t\t\t\t\t\t<div class=\"elementor-container elementor-column-gap-default\">\n\t\t\t\t\t<div class=\"elementor-column elementor-col-100 elementor-top-column elementor-element elementor-element-1cab3bf\" data-id=\"1cab3bf\" data-element_type=\"column\">\n\t\t\t<div class=\"elementor-widget-wrap elementor-element-populated\">\n\t\t\t\t\t\t\t\t<div class=\"elementor-element elementor-element-d399742 elementor-widget elementor-widget-spacer\" data-id=\"d399742\" data-element_type=\"widget\" data-widget_type=\"spacer.default\">\n\t\t\t\t<div class=\"elementor-widget-container\">\n\t\t\t<style>\/*! elementor - v3.16.0 - 14-09-2023 *\/\n.elementor-column .elementor-spacer-inner{height:var(--spacer-size)}.e-con{--container-widget-width:100%}.e-con-inner>.elementor-widget-spacer,.e-con>.elementor-widget-spacer{width:var(--container-widget-width,var(--spacer-size));--align-self:var(--container-widget-align-self,initial);--flex-shrink:0}.e-con-inner>.elementor-widget-spacer>.elementor-widget-container,.e-con>.elementor-widget-spacer>.elementor-widget-container{height:100%;width:100%}.e-con-inner>.elementor-widget-spacer>.elementor-widget-container>.elementor-spacer,.e-con>.elementor-widget-spacer>.elementor-widget-container>.elementor-spacer{height:100%}.e-con-inner>.elementor-widget-spacer>.elementor-widget-container>.elementor-spacer>.elementor-spacer-inner,.e-con>.elementor-widget-spacer>.elementor-widget-container>.elementor-spacer>.elementor-spacer-inner{height:var(--container-widget-height,var(--spacer-size))}.e-con-inner>.elementor-widget-spacer.elementor-widget-empty,.e-con>.elementor-widget-spacer.elementor-widget-empty{position:relative;min-height:22px;min-width:22px}.e-con-inner>.elementor-widget-spacer.elementor-widget-empty .elementor-widget-empty-icon,.e-con>.elementor-widget-spacer.elementor-widget-empty .elementor-widget-empty-icon{position:absolute;top:0;bottom:0;left:0;right:0;margin:auto;padding:0;width:22px;height:22px}<\/style>\t\t<div class=\"elementor-spacer\">\n\t\t\t<div class=\"elementor-spacer-inner\"><\/div>\n\t\t<\/div>\n\t\t\t\t<\/div>\n\t\t\t\t<\/div>\n\t\t\t\t\t<\/div>\n\t\t<\/div>\n\t\t\t\t\t\t\t<\/div>\n\t\t<\/section>\n\t\t\t\t<section class=\"elementor-section elementor-top-section elementor-element elementor-element-83ef479 elementor-section-boxed elementor-section-height-default elementor-section-height-default tf-sticky-section tf-sticky-no tf-parallax-no\" data-id=\"83ef479\" data-element_type=\"section\" data-settings=\"{&quot;background_background&quot;:&quot;classic&quot;,&quot;tf_sticky&quot;:&quot;no&quot;}\">\n\t\t\t\t\t\t\t<div class=\"elementor-background-overlay\"><\/div>\n\t\t\t\t\t\t\t<div class=\"elementor-container elementor-column-gap-default\">\n\t\t\t\t\t<div class=\"elementor-column elementor-col-33 elementor-top-column elementor-element elementor-element-9db02b3\" data-id=\"9db02b3\" data-element_type=\"column\">\n\t\t\t<div class=\"elementor-widget-wrap elementor-element-populated\">\n\t\t\t\t\t\t\t\t<div class=\"elementor-element elementor-element-925e502 elementor-widget elementor-widget-heading\" data-id=\"925e502\" data-element_type=\"widget\" data-widget_type=\"heading.default\">\n\t\t\t\t<div class=\"elementor-widget-container\">\n\t\t\t<style>\/*! elementor - v3.16.0 - 14-09-2023 *\/\n.elementor-heading-title{padding:0;margin:0;line-height:1}.elementor-widget-heading .elementor-heading-title[class*=elementor-size-]>a{color:inherit;font-size:inherit;line-height:inherit}.elementor-widget-heading .elementor-heading-title.elementor-size-small{font-size:15px}.elementor-widget-heading .elementor-heading-title.elementor-size-medium{font-size:19px}.elementor-widget-heading .elementor-heading-title.elementor-size-large{font-size:29px}.elementor-widget-heading .elementor-heading-title.elementor-size-xl{font-size:39px}.elementor-widget-heading .elementor-heading-title.elementor-size-xxl{font-size:59px}<\/style><h2 class=\"elementor-heading-title elementor-size-default\">Ordem Mexicana de Medicina Intensiva (COMMEC)<\/h2>\t\t<\/div>\n\t\t\t\t<\/div>\n\t\t\t\t<div class=\"elementor-element elementor-element-44cd38a elementor-widget elementor-widget-text-editor\" data-id=\"44cd38a\" data-element_type=\"widget\" data-widget_type=\"text-editor.default\">\n\t\t\t\t<div class=\"elementor-widget-container\">\n\t\t\t<style>\/*! elementor - v3.16.0 - 14-09-2023 *\/\n.elementor-widget-text-editor.elementor-drop-cap-view-stacked .elementor-drop-cap{background-color:#69727d;color:#fff}.elementor-widget-text-editor.elementor-drop-cap-view-framed .elementor-drop-cap{color:#69727d;border:3px solid;background-color:transparent}.elementor-widget-text-editor:not(.elementor-drop-cap-view-default) .elementor-drop-cap{margin-top:8px}.elementor-widget-text-editor:not(.elementor-drop-cap-view-default) .elementor-drop-cap-letter{width:1em;height:1em}.elementor-widget-text-editor .elementor-drop-cap{float:left;text-align:center;line-height:1;font-size:50px}.elementor-widget-text-editor .elementor-drop-cap-letter{display:inline-block}<\/style>\t\t\t\t<p>A Ordem Mexicana de Medicina Intensiva (COMMEC) \u00e9 uma associa\u00e7\u00e3o civil integrada por especialistas que desenvolvem atividades de assist\u00eancia, ensino, pesquisa e administra\u00e7\u00e3o no \u00e2mbito da Medicina Cr\u00edtica, estabelecendo normas e executando atividades focadas em conseguir satisfa\u00e7\u00e3o para seus membros e manipular com excel\u00eancia o doente grave.<\/p><p>A Associa\u00e7\u00e3o Mexicana de Medicina Cr\u00edtica foi fundada no ano 1973 por 28 m\u00e9dicos mexicanos especialistas em disciplinas afins \u00e0 Medicina Intensiva: cinco cirurgi\u00f5es, cinco cardiologistas, quatro cl\u00ednicos gerais, quatro nefrologistas, tr\u00eas pneumologistas, tr\u00eas anestesiologistas, um neurocirurgi\u00e3o, um cirurgi\u00e3o cardiovascular e um m\u00e9dico intensivista. Em esta funda\u00e7\u00e3o \u00e9 destacada a representa\u00e7\u00e3o das unidades de terapia intensiva que j\u00e1 existiam no setor p\u00fablico e privado, e fica evidenciada sua origem inter e multidisciplinar.<\/p><p>Em 2010, \u00e9 proposta \u00e0 Assembleia Geral de Membros sua transforma\u00e7\u00e3o para Ordem, considerando a diversidade de fun\u00e7\u00f5es acad\u00eamicas, administrativas, assistenciais e legais pr\u00f3prias de qualquer Ordem. Assim, alcan\u00e7ando a representatividade perante autoridades de sa\u00fade, educa\u00e7\u00e3o e judici\u00e1rias, tanto no \u00e2mbito estatal quanto federal, bem como para interagir com universidades, hospitais e outras sociedades. Depois de aprovado a solicita\u00e7\u00e3o de transforma\u00e7\u00e3o, ser\u00e1 iniciado a coleta de assinaturas e dos documentos requeridos para realizar os processos necess\u00e1rios e poder registr\u00e1-la na Secretaria de Educa\u00e7\u00e3o P\u00fablica como \u201cColegio Mexicano De Medicina Cr\u00edtica A.C. (COMMEC A.C.)\u201d.<\/p><p>Para mais informa\u00e7\u00f5es, acesse o site: \u00a0<a href=\"https:\/\/commec.org\/\" target=\"_blank\" rel=\"noopener\">https:\/\/commec.org<\/a><\/p>\t\t\t\t\t\t<\/div>\n\t\t\t\t<\/div>\n\t\t\t\t<div class=\"elementor-element elementor-element-386bc8c elementor-hidden-mobile elementor-widget elementor-widget-spacer\" data-id=\"386bc8c\" data-element_type=\"widget\" data-widget_type=\"spacer.default\">\n\t\t\t\t<div class=\"elementor-widget-container\">\n\t\t\t\t\t<div class=\"elementor-spacer\">\n\t\t\t<div class=\"elementor-spacer-inner\"><\/div>\n\t\t<\/div>\n\t\t\t\t<\/div>\n\t\t\t\t<\/div>\n\t\t\t\t\t<\/div>\n\t\t<\/div>\n\t\t\t\t<div class=\"elementor-column elementor-col-66 elementor-top-column elementor-element elementor-element-6e74ff5\" data-id=\"6e74ff5\" data-element_type=\"column\">\n\t\t\t<div class=\"elementor-widget-wrap elementor-element-populated\">\n\t\t\t\t\t\t\t\t<div class=\"elementor-element elementor-element-26ceb93 elementor-hidden-mobile elementor-widget elementor-widget-spacer\" data-id=\"26ceb93\" data-element_type=\"widget\" data-widget_type=\"spacer.default\">\n\t\t\t\t<div class=\"elementor-widget-container\">\n\t\t\t\t\t<div class=\"elementor-spacer\">\n\t\t\t<div class=\"elementor-spacer-inner\"><\/div>\n\t\t<\/div>\n\t\t\t\t<\/div>\n\t\t\t\t<\/div>\n\t\t\t\t<div class=\"elementor-element elementor-element-70d8555 elementor-widget elementor-widget-image\" data-id=\"70d8555\" data-element_type=\"widget\" data-widget_type=\"image.default\">\n\t\t\t\t<div class=\"elementor-widget-container\">\n\t\t\t<style>\/*! elementor - v3.16.0 - 14-09-2023 *\/\n.elementor-widget-image{text-align:center}.elementor-widget-image a{display:inline-block}.elementor-widget-image a img[src$=\".svg\"]{width:48px}.elementor-widget-image img{vertical-align:middle;display:inline-block}<\/style>\t\t\t\t\t\t\t\t\t\t\t\t<img decoding=\"async\" loading=\"lazy\" width=\"1024\" height=\"283\" src=\"https:\/\/www.ucismexicanas.com\/wp-content\/uploads\/2023\/09\/commec_logo-1024x283.png\" class=\"attachment-large size-large wp-image-4904\" alt=\"\" srcset=\"https:\/\/www.ucismexicanas.com\/wp-content\/uploads\/2023\/09\/commec_logo-1024x283.png 1024w, https:\/\/www.ucismexicanas.com\/wp-content\/uploads\/2023\/09\/commec_logo-300x83.png 300w, https:\/\/www.ucismexicanas.com\/wp-content\/uploads\/2023\/09\/commec_logo-768x212.png 768w, https:\/\/www.ucismexicanas.com\/wp-content\/uploads\/2023\/09\/commec_logo.png 1089w\" sizes=\"(max-width: 1024px) 100vw, 1024px\" \/>\t\t\t\t\t\t\t\t\t\t\t\t\t\t\t<\/div>\n\t\t\t\t<\/div>\n\t\t\t\t\t<\/div>\n\t\t<\/div>\n\t\t\t\t\t\t\t<\/div>\n\t\t<\/section>\n\t\t\t\t\t\t\t<\/div>\n\t\t","protected":false},"excerpt":{"rendered":"<p>Ordem Mexicana de Medicina Intensiva (COMMEC) A Ordem Mexicana de Medicina Intensiva (COMMEC) \u00e9 uma associa\u00e7\u00e3o civil integrada por especialistas que desenvolvem atividades de assist\u00eancia, ensino, pesquisa [&hellip;]<\/p>\n","protected":false},"author":1,"featured_media":0,"parent":0,"menu_order":0,"comment_status":"closed","ping_status":"closed","template":"tpl\/front-page.php","meta":{"footnotes":""},"yoast_head":"<!-- This site is optimized with the Yoast SEO plugin v21.1 - https:\/\/yoast.com\/wordpress\/plugins\/seo\/ -->\r\n<title>UCIs Mexicanas<\/title>\r\n<meta name=\"description\" content=\"COMMEC, FEPIMCTI y Epimed Solutions se han unido para crear el Registro Nacional de Cuidados Intensivos de Mexico, el proyecto UCIs Mexicanas.\" \/>\r\n<meta name=\"robots\" content=\"noindex, follow, max-snippet:-1, max-image-preview:large, max-video-preview:-1\" \/>\r\n<meta property=\"og:locale\" content=\"pt_BR\" \/>\r\n<meta property=\"og:type\" content=\"article\" \/>\r\n<meta property=\"og:title\" content=\"UCIs Mexicanas\" \/>\r\n<meta property=\"og:description\" content=\"COMMEC, FEPIMCTI y Epimed Solutions se han unido para crear el Registro Nacional de Cuidados Intensivos de Mexico, el proyecto UCIs Mexicanas.\" \/>\r\n<meta property=\"og:url\" content=\"https:\/\/www.ucismexicanas.com\/commec\/\" \/>\r\n<meta property=\"og:site_name\" content=\"UCIs Mexicanas\" \/>\r\n<meta property=\"article:modified_time\" content=\"2023-09-19T15:14:32+00:00\" \/>\r\n<meta property=\"og:image\" content=\"https:\/\/www.ucismexicanas.com\/wp-content\/uploads\/2023\/09\/commec_logo-1024x283.png\" \/>\r\n<meta name=\"twitter:card\" content=\"summary_large_image\" \/>\r\n<meta name=\"twitter:label1\" content=\"Est. tempo de leitura\" \/>\n\t<meta name=\"twitter:data1\" content=\"2 minutos\" \/>\r\n<script type=\"application\/ld+json\" class=\"yoast-schema-graph\">{\"@context\":\"https:\/\/schema.org\",\"@graph\":[{\"@type\":\"WebPage\",\"@id\":\"https:\/\/www.ucismexicanas.com\/commec\/\",\"url\":\"https:\/\/www.ucismexicanas.com\/commec\/\",\"name\":\"UCIs Mexicanas\",\"isPartOf\":{\"@id\":\"https:\/\/www.ucismexicanas.com\/#website\"},\"datePublished\":\"2023-09-13T21:00:06+00:00\",\"dateModified\":\"2023-09-19T15:14:32+00:00\",\"description\":\"COMMEC, FEPIMCTI y Epimed Solutions se han unido para crear el Registro Nacional de Cuidados Intensivos de Mexico, el proyecto UCIs Mexicanas.\",\"inLanguage\":\"pt-BR\",\"potentialAction\":[{\"@type\":\"ReadAction\",\"target\":[\"https:\/\/www.ucismexicanas.com\/commec\/\"]}]},{\"@type\":\"WebSite\",\"@id\":\"https:\/\/www.ucismexicanas.com\/#website\",\"url\":\"https:\/\/www.ucismexicanas.com\/\",\"name\":\"UCIs Mexicanas\",\"description\":\"El Proyecto UCIs Mexicanas tiene como objetivo caracterizar el perfil epidemiol\u00f3gico de las UCI de Mexico.\",\"potentialAction\":[{\"@type\":\"SearchAction\",\"target\":{\"@type\":\"EntryPoint\",\"urlTemplate\":\"https:\/\/www.ucismexicanas.com\/?s={search_term_string}\"},\"query-input\":\"required name=search_term_string\"}],\"inLanguage\":\"pt-BR\"}]}<\/script>\r\n<!-- \/ Yoast SEO plugin. -->","yoast_head_json":{"title":"UCIs Mexicanas","description":"COMMEC, FEPIMCTI y Epimed Solutions se han unido para crear el Registro Nacional de Cuidados Intensivos de Mexico, el proyecto UCIs Mexicanas.","robots":{"index":"noindex","follow":"follow","max-snippet":"max-snippet:-1","max-image-preview":"max-image-preview:large","max-video-preview":"max-video-preview:-1"},"og_locale":"pt_BR","og_type":"article","og_title":"UCIs Mexicanas","og_description":"COMMEC, FEPIMCTI y Epimed Solutions se han unido para crear el Registro Nacional de Cuidados Intensivos de Mexico, el proyecto UCIs Mexicanas.","og_url":"https:\/\/www.ucismexicanas.com\/commec\/","og_site_name":"UCIs Mexicanas","article_modified_time":"2023-09-19T15:14:32+00:00","og_image":[{"url":"https:\/\/www.ucismexicanas.com\/wp-content\/uploads\/2023\/09\/commec_logo-1024x283.png"}],"twitter_card":"summary_large_image","twitter_misc":{"Est. tempo de leitura":"2 minutos"},"schema":{"@context":"https:\/\/schema.org","@graph":[{"@type":"WebPage","@id":"https:\/\/www.ucismexicanas.com\/commec\/","url":"https:\/\/www.ucismexicanas.com\/commec\/","name":"UCIs Mexicanas","isPartOf":{"@id":"https:\/\/www.ucismexicanas.com\/#website"},"datePublished":"2023-09-13T21:00:06+00:00","dateModified":"2023-09-19T15:14:32+00:00","description":"COMMEC, FEPIMCTI y Epimed Solutions se han unido para crear el Registro Nacional de Cuidados Intensivos de Mexico, el proyecto UCIs Mexicanas.","inLanguage":"pt-BR","potentialAction":[{"@type":"ReadAction","target":["https:\/\/www.ucismexicanas.com\/commec\/"]}]},{"@type":"WebSite","@id":"https:\/\/www.ucismexicanas.com\/#website","url":"https:\/\/www.ucismexicanas.com\/","name":"UCIs Mexicanas","description":"El Proyecto UCIs Mexicanas tiene como objetivo caracterizar el perfil epidemiol\u00f3gico de las UCI de Mexico.","potentialAction":[{"@type":"SearchAction","target":{"@type":"EntryPoint","urlTemplate":"https:\/\/www.ucismexicanas.com\/?s={search_term_string}"},"query-input":"required name=search_term_string"}],"inLanguage":"pt-BR"}]}},"_links":{"self":[{"href":"https:\/\/www.ucismexicanas.com\/pt-br\/wp-json\/wp\/v2\/pages\/4889"}],"collection":[{"href":"https:\/\/www.ucismexicanas.com\/pt-br\/wp-json\/wp\/v2\/pages"}],"about":[{"href":"https:\/\/www.ucismexicanas.com\/pt-br\/wp-json\/wp\/v2\/types\/page"}],"author":[{"embeddable":true,"href":"https:\/\/www.ucismexicanas.com\/pt-br\/wp-json\/wp\/v2\/users\/1"}],"replies":[{"embeddable":true,"href":"https:\/\/www.ucismexicanas.com\/pt-br\/wp-json\/wp\/v2\/comments?post=4889"}],"version-history":[{"count":15,"href":"https:\/\/www.ucismexicanas.com\/pt-br\/wp-json\/wp\/v2\/pages\/4889\/revisions"}],"predecessor-version":[{"id":5164,"href":"https:\/\/www.ucismexicanas.com\/pt-br\/wp-json\/wp\/v2\/pages\/4889\/revisions\/5164"}],"wp:attachment":[{"href":"https:\/\/www.ucismexicanas.com\/pt-br\/wp-json\/wp\/v2\/media?parent=4889"}],"curies":[{"name":"wp","href":"https:\/\/api.w.org\/{rel}","templated":true}]}}